{"id":3,"date":"2020-08-07T17:37:22","date_gmt":"2020-08-07T17:37:22","guid":{"rendered":"http:\/\/www.anxocomponents.mx\/?page_id=3"},"modified":"2020-08-19T09:58:07","modified_gmt":"2020-08-19T14:58:07","slug":"privacy-policy","status":"publish","type":"page","link":"https:\/\/www.anxocomponents.mx\/es\/privacy-policy\/","title":{"rendered":"Pol\u00edtica de privacidad"},"content":{"rendered":"<p>Esta pol\u00edtica de privacidad ha sido compilada para brindar un mejor servicio a quienes est\u00e1n preocupados por c\u00f3mo se utiliza en l\u00ednea su &#039;Informaci\u00f3n de identificaci\u00f3n personal&#039; (PII).<\/p>\n\n\n\n<p>La PII, como se usa en la ley de privacidad y seguridad de la informaci\u00f3n de EE. UU., Es informaci\u00f3n que se puede usar sola o con otra informaci\u00f3n para identificar, contactar o ubicar a una sola persona, o para identificar a una persona en contexto. Lea atentamente nuestra pol\u00edtica de privacidad para comprender claramente c\u00f3mo recopilamos, usamos, protegemos o manejamos su informaci\u00f3n de identificaci\u00f3n personal de acuerdo con nuestro sitio web.<\/p>\n\n\n\n<p><strong>\u00bfQu\u00e9 informaci\u00f3n personal recopilamos de las personas que visitan nuestro blog, sitio web o aplicaci\u00f3n?<\/strong><br>Al realizar un pedido o registrarse en nuestro sitio, seg\u00fan corresponda, se le puede pedir que ingrese su nombre, direcci\u00f3n de correo electr\u00f3nico u otros detalles para ayudarlo con su experiencia.<\/p>\n\n\n\n<p><strong>\u00bfCu\u00e1ndo recopilamos informaci\u00f3n?<\/strong><br>Recopilamos informaci\u00f3n suya cuando completa un formulario o ingresa informaci\u00f3n en nuestro sitio.<\/p>\n\n\n\n<p><strong>\u00bfC\u00f3mo usamos su informaci\u00f3n?<\/strong><br>Podemos utilizar la informaci\u00f3n que recopilamos de usted cuando se registra, realiza una compra, se suscribe a nuestro bolet\u00edn informativo, responde a una encuesta o comunicaci\u00f3n de marketing, navega por el sitio web o utiliza otras caracter\u00edsticas del sitio de las siguientes maneras:<\/p>\n\n\n\n<ul class=\"wp-block-list\"><li>Para personalizar la experiencia del usuario y permitirnos ofrecer el tipo de contenido y ofertas de productos que m\u00e1s le interesan.<\/li><li>Mejorar nuestro sitio web para brindarle un mejor servicio.<\/li><li>Para permitirnos brindarle un mejor servicio al responder a sus solicitudes de servicio al cliente.<\/li><\/ul>\n\n\n\n<p><strong>\u00bfC\u00f3mo protegemos la informaci\u00f3n del visitante?<\/strong><br>Nuestro sitio web se analiza de forma regular en busca de agujeros de seguridad y vulnerabilidades conocidas para que su visita a nuestro sitio sea lo m\u00e1s segura posible.<br>Usamos escaneo de malware regular.<br>Su informaci\u00f3n personal est\u00e1 contenida detr\u00e1s de redes seguras y solo es accesible por un n\u00famero limitado de personas que tienen derechos especiales de acceso a dichos sistemas, y deben mantener la informaci\u00f3n confidencial. Adem\u00e1s, toda la informaci\u00f3n confidencial \/ crediticia que proporcione est\u00e1 cifrada a trav\u00e9s de la tecnolog\u00eda Secure Socket Layer (SSL).<br>Implementamos una variedad de medidas de seguridad cuando un usuario ingresa, env\u00eda o accede a su informaci\u00f3n para mantener la seguridad de su informaci\u00f3n personal.<br>Todas las transacciones se procesan a trav\u00e9s de un proveedor de puerta de enlace y no se almacenan ni procesan en nuestros servidores.<\/p>\n\n\n\n<p><strong>\u00bfUsamos &#039;cookies&#039;?<\/strong><br>No utilizamos cookies con fines de seguimiento.<br>Puede elegir que su computadora le advierta cada vez que se env\u00eda una cookie, o puede optar por desactivar todas las cookies. Puede hacerlo a trav\u00e9s de la configuraci\u00f3n de su navegador (como Internet Explorer). Cada navegador es un poco diferente, as\u00ed que consulte el men\u00fa de Ayuda de su navegador para conocer la forma correcta de modificar sus cookies.<br>Si desactiva las cookies, se desactivar\u00e1n algunas funciones que har\u00e1n que la experiencia de su sitio sea m\u00e1s eficiente y algunos de nuestros servicios no funcionar\u00e1n correctamente.<br>Sin embargo, a\u00fan puede realizar pedidos.<\/p>\n\n\n\n<p><strong>Divulgaci\u00f3n de terceros<\/strong><br>No vendemos, intercambiamos ni transferimos a terceros su informaci\u00f3n de identificaci\u00f3n personal.<\/p>\n\n\n\n<p><strong>Enlaces de terceros<\/strong><br>Ocasionalmente, a nuestra discreci\u00f3n, podemos incluir u ofrecer productos o servicios de terceros en nuestro sitio web. Estos sitios de terceros tienen pol\u00edticas de privacidad separadas e independientes. Por lo tanto, no tenemos ninguna responsabilidad por el contenido y las actividades de estos sitios vinculados. No obstante, buscamos proteger la integridad de nuestro sitio y agradecemos cualquier comentario sobre estos sitios.<\/p>\n\n\n\n<p><strong>Google<\/strong><br>Los requisitos publicitarios de Google se pueden resumir en los Principios publicitarios de Google. Se implementan para brindar una experiencia positiva a los usuarios. <a href=\"https:\/\/support.google.com\/adwordspolicy\/answer\/1316548?hl=en\" target=\"_blank\" rel=\"noreferrer noopener\">https:\/\/support.google.com\/adwordspolicy\/answer\/1316548?hl=en<\/a><br>Usamos publicidad de Google AdSense en nuestro sitio web.<br>Google, como proveedor externo, utiliza cookies para publicar anuncios en nuestro sitio. El uso de Google de la cookie DART le permite mostrar anuncios a nuestros usuarios en funci\u00f3n de su visita a nuestro sitio y otros sitios en Internet. Los usuarios pueden optar por no utilizar la cookie de DART visitando la pol\u00edtica de privacidad de la red de contenido y anuncios de Google.<\/p>\n\n\n\n<p><strong>Hemos implementado lo siguiente:<\/strong><\/p>\n\n\n\n<ul class=\"wp-block-list\"><li>Informes de intereses y datos demogr\u00e1ficos<br>Nosotros, junto con proveedores externos, como Google, usamos cookies de origen (como las cookies de Google Analytics) y cookies de terceros (como la cookie de DoubleClick) u otros identificadores de terceros juntos para recopilar datos sobre las interacciones del usuario con impresiones de anuncios y otras funciones del servicio de anuncios en relaci\u00f3n con nuestro sitio web.<\/li><li>Optar por no participar:<br>Los usuarios pueden establecer preferencias sobre c\u00f3mo Google le anuncia mediante la p\u00e1gina de configuraci\u00f3n de anuncios de Google. Alternativamente, puede optar por no participar visitando la p\u00e1gina de exclusi\u00f3n voluntaria de la iniciativa de publicidad en red o utilizando permanentemente el complemento del navegador de exclusi\u00f3n voluntaria de Google Analytics.<\/li><\/ul>\n\n\n\n<p><strong>Ley de protecci\u00f3n de la privacidad en l\u00ednea de California<\/strong><br>CalOPPA es la primera ley estatal de la naci\u00f3n que exige que los sitios web comerciales y los servicios en l\u00ednea publiquen una pol\u00edtica de privacidad. El alcance de la ley se extiende mucho m\u00e1s all\u00e1 de California para requerir que una persona o empresa en los Estados Unidos (y posiblemente el mundo) que opera sitios web que recopilan informaci\u00f3n de identificaci\u00f3n personal de los consumidores de California publique una pol\u00edtica de privacidad visible en su sitio web que indique exactamente la informaci\u00f3n que se recopila y aquellos personas con las que se comparte y para cumplir con esta pol\u00edtica. - Ver m\u00e1s en: <a href=\"http:\/\/consumercal.org\/california-online-privacy-protection-act-caloppa\/#sthash.0FdRbT51.dpuf\" target=\"_blank\" rel=\"noreferrer noopener\">http:\/\/consumercal.org\/california-online-privacy-protection-act-caloppa\/#sthash.0FdRbT51.dpuf<\/a><\/p>\n\n\n\n<p><strong>Seg\u00fan CalOPPA estamos de acuerdo con lo siguiente:<\/strong><br>Los usuarios pueden visitar nuestro sitio de forma an\u00f3nima<br>Una vez que se crea esta pol\u00edtica de privacidad, agregaremos un enlace a ella en nuestra p\u00e1gina de inicio, o como m\u00ednimo en la primera p\u00e1gina significativa despu\u00e9s de ingresar a nuestro sitio web.<br>Nuestro enlace de Pol\u00edtica de privacidad incluye la palabra &#039;Privacidad&#039; y se puede encontrar f\u00e1cilmente en la p\u00e1gina especificada anteriormente.<\/p>\n\n\n\n<ul class=\"wp-block-list\"><li>En nuestra p\u00e1gina de pol\u00edtica de privacidad<\/li><li>Iniciando sesi\u00f3n en su cuenta<\/li><\/ul>\n\n\n\n<p><strong>\u00bfC\u00f3mo maneja nuestro sitio las se\u00f1ales de no seguimiento?<\/strong><br>Respetamos las se\u00f1ales de no rastrear y no rastreamos, colocamos cookies ni usamos publicidad cuando hay un mecanismo de navegador de No rastrear (DNT).<\/p>\n\n\n\n<p><strong>\u00bfNuestro sitio permite el seguimiento del comportamiento de terceros?<\/strong><br>Tambi\u00e9n es importante tener en cuenta que no permitimos el seguimiento del comportamiento de terceros.<\/p>\n\n\n\n<p><strong>COPPA (Ley de protecci\u00f3n de la privacidad infantil en l\u00ednea)<\/strong><br>Cuando se trata de la recopilaci\u00f3n de informaci\u00f3n personal de ni\u00f1os menores de 13 a\u00f1os, la Ley de Protecci\u00f3n de la Privacidad Infantil en L\u00ednea (COPPA) pone a los padres en control. La Comisi\u00f3n Federal de Comercio, la agencia de protecci\u00f3n al consumidor de la naci\u00f3n, hace cumplir la Regla COPPA, que detalla lo que los operadores de sitios web y servicios en l\u00ednea deben hacer para proteger la privacidad y seguridad de los ni\u00f1os en l\u00ednea.<br>No comercializamos espec\u00edficamente para ni\u00f1os menores de 13 a\u00f1os.<\/p>\n\n\n\n<p><strong>Pr\u00e1cticas justas de informaci\u00f3n<\/strong><br>Los Principios de Pr\u00e1cticas Justas de Informaci\u00f3n forman la columna vertebral de la ley de privacidad en los Estados Unidos y los conceptos que incluyen han jugado un papel importante en el desarrollo de leyes de protecci\u00f3n de datos en todo el mundo. Comprender los Principios de pr\u00e1cticas de informaci\u00f3n equitativa y c\u00f3mo deben implementarse es fundamental para cumplir con las diversas leyes de privacidad que protegen la informaci\u00f3n personal.<\/p>\n\n\n\n<p><strong>Para estar en l\u00ednea con las pr\u00e1cticas de informaci\u00f3n justas, tomaremos las siguientes medidas de respuesta, en caso de que ocurra una violaci\u00f3n de datos:<\/strong><\/p>\n\n\n\n<ul class=\"wp-block-list\"><li>Dentro de 7 d\u00edas laborales<\/li><\/ul>\n\n\n\n<p>Tambi\u00e9n estamos de acuerdo con el principio de reparaci\u00f3n individual, que requiere que las personas tengan derecho a ejercer derechos legalmente exigibles contra los recopiladores y procesadores de datos que no cumplan con la ley. Este principio requiere no solo que las personas tengan derechos exigibles contra los usuarios de datos, sino tambi\u00e9n que las personas recurran a los tribunales o una agencia gubernamental para investigar y \/ o perseguir el incumplimiento por parte de los procesadores de datos.<br><strong>Ley CAN SPAM<\/strong><br>La Ley CAN-SPAM es una ley que establece las reglas para el correo electr\u00f3nico comercial, establece los requisitos para los mensajes comerciales, otorga a los destinatarios el derecho a que no se les env\u00ede correos electr\u00f3nicos y establece duras sanciones por violaciones.<\/p>\n\n\n\n<p><strong>Recopilamos su direcci\u00f3n de correo electr\u00f3nico para:<\/strong><br>Contactarte si lo solicitas<\/p>\n\n\n\n<p><strong>Para estar de acuerdo con CANSPAM, aceptamos lo siguiente:<\/strong><br>Si en alg\u00fan momento desea cancelar la suscripci\u00f3n para recibir correos electr\u00f3nicos futuros, puede enviarnos un correo electr\u00f3nico a <strong>info@anxocomponents.mx<\/strong> y lo eliminaremos de inmediato <strong>TODOS<\/strong> correspondencia.<\/p>\n\n\n\n<p><strong>Cont\u00e1ctanos<\/strong><br>Si tiene alguna pregunta con respecto a esta pol\u00edtica de privacidad, puede comunicarse con nosotros utilizando la informaci\u00f3n a continuaci\u00f3n.<\/p>\n\n\n\n<p><strong>Ansocomponents.mx<\/strong><br>San Dionisio 140-A Col. Jardines de San Ignacio<br>Zapopan<br>Jalisco<br>45040<br>M\u00e9xico<br><strong>info@anxocomponents.mx<\/strong><\/p>\n\n\n\n<p>\u00daltima edici\u00f3n en 2026","protected":false},"excerpt":{"rendered":"<p>Esta pol\u00edtica de privacidad ha sido compilada para brindar un mejor servicio a aquellos que est\u00e1n preocupados por c\u00f3mo se usa en l\u00ednea su &#039;informaci\u00f3n de identificaci\u00f3n personal&#039; (PII). La PII, tal como se usa en la ley de privacidad y seguridad de la informaci\u00f3n de EE. UU., es informaci\u00f3n que se puede usar sola o con otra informaci\u00f3n para identificar, contactar o ubicar a una sola persona, o para identificar a una persona en contexto. Por favor, lea nuestra privacidad... <a class=\"kt-excerpt-readmore more-link\" href=\"https:\/\/www.anxocomponents.mx\/es\/privacy-policy\/\">Leer m\u00e1s<\/a><\/p>","protected":false},"author":2,"featured_media":0,"parent":0,"menu_order":0,"comment_status":"closed","ping_status":"open","template":"","meta":{"kt_blocks_editor_width":"","footnotes":""},"class_list":["post-3","page","type-page","status-publish","hentry"],"yoast_head":"<!-- This site is optimized with the Yoast SEO plugin v27.5 - https:\/\/yoast.com\/product\/yoast-seo-wordpress\/ -->\n<title>Privacy Policy - Anxo Components - Electronic Sales Rep<\/title>\n<meta name=\"description\" content=\"This privacy policy has been compiled to better serve those who are concerned with how their \u2018Personally identifiable information\u2019 (PII) is being used\" \/>\n<meta name=\"robots\" content=\"noindex, nofollow\" \/>\n<meta property=\"og:locale\" content=\"es_ES\" \/>\n<meta property=\"og:type\" content=\"article\" \/>\n<meta property=\"og:title\" content=\"Privacy Policy - Anxo Components - Electronic Sales Rep\" \/>\n<meta property=\"og:description\" content=\"This privacy policy has been compiled to better serve those who are concerned with how their \u2018Personally identifiable information\u2019 (PII) is being used\" \/>\n<meta property=\"og:url\" content=\"https:\/\/www.anxocomponents.mx\/es\/privacy-policy\/\" \/>\n<meta property=\"og:site_name\" content=\"Anxo Components\" \/>\n<meta property=\"article:modified_time\" content=\"2020-08-19T14:58:07+00:00\" \/>\n<meta name=\"twitter:card\" content=\"summary_large_image\" \/>\n<meta name=\"twitter:label1\" content=\"Tiempo de lectura\" \/>\n\t<meta name=\"twitter:data1\" content=\"7 minutos\" \/>\n<script type=\"application\/ld+json\" class=\"yoast-schema-graph\">{\"@context\":\"https:\\\/\\\/schema.org\",\"@graph\":[{\"@type\":\"WebPage\",\"@id\":\"https:\\\/\\\/www.anxocomponents.mx\\\/privacy-policy\\\/\",\"url\":\"https:\\\/\\\/www.anxocomponents.mx\\\/privacy-policy\\\/\",\"name\":\"Privacy Policy - Anxo Components - Electronic Sales Rep\",\"isPartOf\":{\"@id\":\"https:\\\/\\\/www.anxocomponents.mx\\\/#website\"},\"datePublished\":\"2020-08-07T17:37:22+00:00\",\"dateModified\":\"2020-08-19T14:58:07+00:00\",\"description\":\"This privacy policy has been compiled to better serve those who are concerned with how their \u2018Personally identifiable information\u2019 (PII) is being used\",\"breadcrumb\":{\"@id\":\"https:\\\/\\\/www.anxocomponents.mx\\\/privacy-policy\\\/#breadcrumb\"},\"inLanguage\":\"es\",\"potentialAction\":[{\"@type\":\"ReadAction\",\"target\":[\"https:\\\/\\\/www.anxocomponents.mx\\\/privacy-policy\\\/\"]}]},{\"@type\":\"BreadcrumbList\",\"@id\":\"https:\\\/\\\/www.anxocomponents.mx\\\/privacy-policy\\\/#breadcrumb\",\"itemListElement\":[{\"@type\":\"ListItem\",\"position\":1,\"name\":\"Home\",\"item\":\"https:\\\/\\\/www.anxocomponents.mx\\\/\"},{\"@type\":\"ListItem\",\"position\":2,\"name\":\"Privacy Policy\"}]},{\"@type\":\"WebSite\",\"@id\":\"https:\\\/\\\/www.anxocomponents.mx\\\/#website\",\"url\":\"https:\\\/\\\/www.anxocomponents.mx\\\/\",\"name\":\"Anxo Components\",\"description\":\"Electronic Sales Representative\",\"publisher\":{\"@id\":\"https:\\\/\\\/www.anxocomponents.mx\\\/#organization\"},\"potentialAction\":[{\"@type\":\"SearchAction\",\"target\":{\"@type\":\"EntryPoint\",\"urlTemplate\":\"https:\\\/\\\/www.anxocomponents.mx\\\/?s={search_term_string}\"},\"query-input\":{\"@type\":\"PropertyValueSpecification\",\"valueRequired\":true,\"valueName\":\"search_term_string\"}}],\"inLanguage\":\"es\"},{\"@type\":\"Organization\",\"@id\":\"https:\\\/\\\/www.anxocomponents.mx\\\/#organization\",\"name\":\"Anxo Components\",\"url\":\"https:\\\/\\\/www.anxocomponents.mx\\\/\",\"logo\":{\"@type\":\"ImageObject\",\"inLanguage\":\"es\",\"@id\":\"https:\\\/\\\/www.anxocomponents.mx\\\/#\\\/schema\\\/logo\\\/image\\\/\",\"url\":\"https:\\\/\\\/www.anxocomponents.mx\\\/wp-content\\\/uploads\\\/2020\\\/08\\\/anxo_logo_f.png\",\"contentUrl\":\"https:\\\/\\\/www.anxocomponents.mx\\\/wp-content\\\/uploads\\\/2020\\\/08\\\/anxo_logo_f.png\",\"width\":1344,\"height\":313,\"caption\":\"Anxo Components\"},\"image\":{\"@id\":\"https:\\\/\\\/www.anxocomponents.mx\\\/#\\\/schema\\\/logo\\\/image\\\/\"}}]}<\/script>\n<!-- \/ Yoast SEO plugin. -->","yoast_head_json":{"title":"Pol\u00edtica de privacidad - Anxo Components - Representante de ventas electr\u00f3nicas","description":"Esta pol\u00edtica de privacidad se ha compilado para servir mejor a aquellos que est\u00e1n preocupados por c\u00f3mo se utiliza su &#039;Informaci\u00f3n de identificaci\u00f3n personal&#039; (PII).","robots":{"index":"noindex","follow":"nofollow"},"og_locale":"es_ES","og_type":"article","og_title":"Privacy Policy - Anxo Components - Electronic Sales Rep","og_description":"This privacy policy has been compiled to better serve those who are concerned with how their \u2018Personally identifiable information\u2019 (PII) is being used","og_url":"https:\/\/www.anxocomponents.mx\/es\/privacy-policy\/","og_site_name":"Anxo Components","article_modified_time":"2020-08-19T14:58:07+00:00","twitter_card":"summary_large_image","twitter_misc":{"Tiempo de lectura":"7 minutos"},"schema":{"@context":"https:\/\/schema.org","@graph":[{"@type":"WebPage","@id":"https:\/\/www.anxocomponents.mx\/privacy-policy\/","url":"https:\/\/www.anxocomponents.mx\/privacy-policy\/","name":"Pol\u00edtica de privacidad - Anxo Components - Representante de ventas electr\u00f3nicas","isPartOf":{"@id":"https:\/\/www.anxocomponents.mx\/#website"},"datePublished":"2020-08-07T17:37:22+00:00","dateModified":"2020-08-19T14:58:07+00:00","description":"Esta pol\u00edtica de privacidad se ha compilado para servir mejor a aquellos que est\u00e1n preocupados por c\u00f3mo se utiliza su &#039;Informaci\u00f3n de identificaci\u00f3n personal&#039; (PII).","breadcrumb":{"@id":"https:\/\/www.anxocomponents.mx\/privacy-policy\/#breadcrumb"},"inLanguage":"es","potentialAction":[{"@type":"ReadAction","target":["https:\/\/www.anxocomponents.mx\/privacy-policy\/"]}]},{"@type":"BreadcrumbList","@id":"https:\/\/www.anxocomponents.mx\/privacy-policy\/#breadcrumb","itemListElement":[{"@type":"ListItem","position":1,"name":"Home","item":"https:\/\/www.anxocomponents.mx\/"},{"@type":"ListItem","position":2,"name":"Privacy Policy"}]},{"@type":"WebSite","@id":"https:\/\/www.anxocomponents.mx\/#website","url":"https:\/\/www.anxocomponents.mx\/","name":"Anxo Components","description":"Representante de Ventas de Componentes Electr\u00f3nicos","publisher":{"@id":"https:\/\/www.anxocomponents.mx\/#organization"},"potentialAction":[{"@type":"SearchAction","target":{"@type":"EntryPoint","urlTemplate":"https:\/\/www.anxocomponents.mx\/?s={search_term_string}"},"query-input":{"@type":"PropertyValueSpecification","valueRequired":true,"valueName":"search_term_string"}}],"inLanguage":"es"},{"@type":"Organization","@id":"https:\/\/www.anxocomponents.mx\/#organization","name":"Anxo Components","url":"https:\/\/www.anxocomponents.mx\/","logo":{"@type":"ImageObject","inLanguage":"es","@id":"https:\/\/www.anxocomponents.mx\/#\/schema\/logo\/image\/","url":"https:\/\/www.anxocomponents.mx\/wp-content\/uploads\/2020\/08\/anxo_logo_f.png","contentUrl":"https:\/\/www.anxocomponents.mx\/wp-content\/uploads\/2020\/08\/anxo_logo_f.png","width":1344,"height":313,"caption":"Anxo Components"},"image":{"@id":"https:\/\/www.anxocomponents.mx\/#\/schema\/logo\/image\/"}}]}},"_links":{"self":[{"href":"https:\/\/www.anxocomponents.mx\/es\/wp-json\/wp\/v2\/pages\/3","targetHints":{"allow":["GET"]}}],"collection":[{"href":"https:\/\/www.anxocomponents.mx\/es\/wp-json\/wp\/v2\/pages"}],"about":[{"href":"https:\/\/www.anxocomponents.mx\/es\/wp-json\/wp\/v2\/types\/page"}],"author":[{"embeddable":true,"href":"https:\/\/www.anxocomponents.mx\/es\/wp-json\/wp\/v2\/users\/2"}],"replies":[{"embeddable":true,"href":"https:\/\/www.anxocomponents.mx\/es\/wp-json\/wp\/v2\/comments?post=3"}],"version-history":[{"count":2,"href":"https:\/\/www.anxocomponents.mx\/es\/wp-json\/wp\/v2\/pages\/3\/revisions"}],"predecessor-version":[{"id":764,"href":"https:\/\/www.anxocomponents.mx\/es\/wp-json\/wp\/v2\/pages\/3\/revisions\/764"}],"wp:attachment":[{"href":"https:\/\/www.anxocomponents.mx\/es\/wp-json\/wp\/v2\/media?parent=3"}],"curies":[{"name":"gracias","href":"https:\/\/api.w.org\/{rel}","templated":true}]}}