{"id":251,"date":"2020-08-09T10:40:11","date_gmt":"2020-08-09T15:40:11","guid":{"rendered":"https:\/\/www.anxocomponents.mx\/?page_id=251"},"modified":"2023-01-20T18:32:05","modified_gmt":"2023-01-21T00:32:05","slug":"contact","status":"publish","type":"page","link":"https:\/\/www.anxocomponents.mx\/es\/contact\/","title":{"rendered":"Contacto"},"content":{"rendered":"<div class=\"wp-block-columns is-layout-flex wp-container-core-columns-is-layout-9d6595d7 wp-block-columns-is-layout-flex\">\n<div class=\"wp-block-column is-layout-flow wp-block-column-is-layout-flow\">\n<h2 class=\"wp-block-heading\">M\u00e1ndanos un mensaje<\/h2>\n\n\n\n<div class=\"wpcf7 no-js\" id=\"wpcf7-f250-o1\" lang=\"en-US\" dir=\"ltr\" data-wpcf7-id=\"250\">\n<div class=\"screen-reader-response\"><p role=\"status\" aria-live=\"polite\" aria-atomic=\"true\"><\/p> <ul><\/ul><\/div>\n<form action=\"\/es\/wp-json\/wp\/v2\/pages\/251#wpcf7-f250-o1\" method=\"post\" class=\"wpcf7-form init\" aria-label=\"Formulario de contacto\" novalidate=\"novalidate\" data-status=\"init\" data-trp-original-action=\"\/es\/wp-json\/wp\/v2\/pages\/251#wpcf7-f250-o1\">\n<fieldset class=\"hidden-fields-container\"><input type=\"hidden\" name=\"_wpcf7\" value=\"250\" \/><input type=\"hidden\" name=\"_wpcf7_version\" value=\"6.1.5\" \/><input type=\"hidden\" name=\"_wpcf7_locale\" value=\"en_US\" \/><input type=\"hidden\" name=\"_wpcf7_unit_tag\" value=\"wpcf7-f250-o1\" \/><input type=\"hidden\" name=\"_wpcf7_container_post\" value=\"0\" \/><input type=\"hidden\" name=\"_wpcf7_posted_data_hash\" value=\"\" \/><input type=\"hidden\" name=\"_wpcf7_recaptcha_response\" value=\"\" \/>\n<\/fieldset>\n<p><label> Tu nombre (requerido)<br \/>\n<span class=\"wpcf7-form-control-wrap\" data-name=\"your-name\"><input size=\"40\" maxlength=\"400\" class=\"wpcf7-form-control wpcf7-text wpcf7-validates-as-required\" aria-required=\"true\" aria-invalid=\"false\" value=\"\" type=\"text\" name=\"your-name\" \/><\/span> <\/label>\n<\/p>\n<p><label> Tu Email (requerido)<br \/>\n<span class=\"wpcf7-form-control-wrap\" data-name=\"your-email\"><input size=\"40\" maxlength=\"400\" class=\"wpcf7-form-control wpcf7-email wpcf7-validates-as-required wpcf7-text wpcf7-validates-as-email\" aria-required=\"true\" aria-invalid=\"false\" value=\"\" type=\"email\" name=\"your-email\" \/><\/span> <\/label>\n<\/p>\n<p><label> Asunto<br \/>\n<span class=\"wpcf7-form-control-wrap\" data-name=\"your-subject\"><input size=\"40\" maxlength=\"400\" class=\"wpcf7-form-control wpcf7-text\" aria-invalid=\"false\" value=\"\" type=\"text\" name=\"your-subject\" \/><\/span> <\/label>\n<\/p>\n<p><label> Tu mensaje<br \/>\n<span class=\"wpcf7-form-control-wrap\" data-name=\"your-message\"><textarea cols=\"40\" rows=\"10\" maxlength=\"2000\" class=\"wpcf7-form-control wpcf7-textarea\" aria-invalid=\"false\" name=\"your-message\"><\/textarea><\/span> <\/label>\n<\/p>\n<span class=\"wpcf7-form-control-wrap recaptcha\" data-name=\"recaptcha\"><span data-sitekey=\"6LeWDLYiAAAAAFGzJ1C8cKZHeIV-wbT57BnhZfot\" class=\"wpcf7-form-control wpcf7-recaptcha g-recaptcha\"><\/span>\r\n<noscript>\r\n\t<div class=\"grecaptcha-noscript\">\r\n\t\t<iframe src=\"https:\/\/www.google.com\/recaptcha\/api\/fallback?k=6LeWDLYiAAAAAFGzJ1C8cKZHeIV-wbT57BnhZfot\" frameborder=\"0\" scrolling=\"no\" width=\"310\" height=\"430\">\r\n\t\t<\/iframe>\r\n\t\t<textarea name=\"g-recaptcha-response\" rows=\"3\" cols=\"40\" placeholder=\"Respuesta reCaptcha aqu\u00ed\">\r\n\t\t<\/textarea>\r\n\t<\/div>\r\n<\/noscript>\r\n<\/span>\n<p><input class=\"wpcf7-form-control wpcf7-submit has-spinner\" type=\"submit\" value=\"Enviar\" \/>\n<\/p><div class=\"wpcf7-response-output\" aria-hidden=\"true\"><\/div>\n<input type=\"hidden\" name=\"trp-form-language\" value=\"es\"\/><\/form>\n<\/div>\n\n\n\n<style>.wp-block-kadence-spacer.kt-block-spacer-_61ea20-aa .kt-block-spacer{height:60px;}.wp-block-kadence-spacer.kt-block-spacer-_61ea20-aa .kt-divider{border-top-width:1px;height:1px;border-top-color:#fdfd00;width:80%;border-top-style:solid;}<\/style>\n<div class=\"wp-block-kadence-spacer aligncenter kt-block-spacer-_61ea20-aa\"><div class=\"kt-block-spacer kt-block-spacer-halign-center\"><hr class=\"kt-divider\"\/><\/div><\/div>\n<\/div>\n\n\n\n<div class=\"wp-block-column is-layout-flow wp-block-column-is-layout-flow\"><div class=\"wp-block-image\">\n<figure class=\"aligncenter size-large is-resized\"><img decoding=\"async\" src=\"https:\/\/www.anxocomponents.mx\/wp-content\/uploads\/2020\/08\/anxo_logo_f-1024x238.png\" alt=\"Anxo Logo\" class=\"wp-image-8\" width=\"291\" height=\"67\" srcset=\"https:\/\/www.anxocomponents.mx\/wp-content\/uploads\/2020\/08\/anxo_logo_f-1024x238.png 1024w, https:\/\/www.anxocomponents.mx\/wp-content\/uploads\/2020\/08\/anxo_logo_f-300x70.png 300w, https:\/\/www.anxocomponents.mx\/wp-content\/uploads\/2020\/08\/anxo_logo_f-768x179.png 768w, https:\/\/www.anxocomponents.mx\/wp-content\/uploads\/2020\/08\/anxo_logo_f-500x116.png 500w, https:\/\/www.anxocomponents.mx\/wp-content\/uploads\/2020\/08\/anxo_logo_f-250x58.png 250w, https:\/\/www.anxocomponents.mx\/wp-content\/uploads\/2020\/08\/anxo_logo_f-200x47.png 200w, https:\/\/www.anxocomponents.mx\/wp-content\/uploads\/2020\/08\/anxo_logo_f-100x23.png 100w, https:\/\/www.anxocomponents.mx\/wp-content\/uploads\/2020\/08\/anxo_logo_f-400x94.png 400w, https:\/\/www.anxocomponents.mx\/wp-content\/uploads\/2020\/08\/anxo_logo_f-240x56.png 240w, https:\/\/www.anxocomponents.mx\/wp-content\/uploads\/2020\/08\/anxo_logo_f-120x28.png 120w, https:\/\/www.anxocomponents.mx\/wp-content\/uploads\/2020\/08\/anxo_logo_f-150x35.png 150w, https:\/\/www.anxocomponents.mx\/wp-content\/uploads\/2020\/08\/anxo_logo_f-360x84.png 360w, https:\/\/www.anxocomponents.mx\/wp-content\/uploads\/2020\/08\/anxo_logo_f-180x42.png 180w, https:\/\/www.anxocomponents.mx\/wp-content\/uploads\/2020\/08\/anxo_logo_f-840x196.png 840w, https:\/\/www.anxocomponents.mx\/wp-content\/uploads\/2020\/08\/anxo_logo_f-420x98.png 420w, https:\/\/www.anxocomponents.mx\/wp-content\/uploads\/2020\/08\/anxo_logo_f.png 1344w\" sizes=\"(max-width: 291px) 100vw, 291px\" \/><\/figure>\n<\/div>\n\n<style>.wp-block-kadence-iconlist.kt-svg-icon-list-items_c55fb6-09:not(.this-stops-third-party-issues){margin-top:0px;margin-bottom:0px;}.wp-block-kadence-iconlist.kt-svg-icon-list-items_c55fb6-09 ul.kt-svg-icon-list:not(.this-prevents-issues):not(.this-stops-third-party-issues):not(.tijsloc){margin-top:30px;margin-right:0px;margin-bottom:10px;margin-left:0px;}.wp-block-kadence-iconlist.kt-svg-icon-list-items_c55fb6-09 ul.kt-svg-icon-list{grid-row-gap:20px;}.wp-block-kadence-iconlist.kt-svg-icon-list-items_c55fb6-09 ul.kt-svg-icon-list .kt-svg-icon-list-item-wrap .kt-svg-icon-list-single{margin-right:10px;}.kt-svg-icon-list-items_c55fb6-09 ul.kt-svg-icon-list .kt-svg-icon-list-level-0 .kt-svg-icon-list-single svg{font-size:20px;}.kt-svg-icon-list-items_c55fb6-09 ul.kt-svg-icon-list .kt-svg-icon-list-level-1 .kt-svg-icon-list-single svg{font-size:20px;}.kt-svg-icon-list-items_c55fb6-09 ul.kt-svg-icon-list .kt-svg-icon-list-level-2 .kt-svg-icon-list-single svg{font-size:20px;}<\/style>\n<div class=\"wp-block-kadence-iconlist kt-svg-icon-list-items kt-svg-icon-list-items_c55fb6-09 kt-svg-icon-list-columns-1 alignnone\"><ul class=\"kt-svg-icon-list\"><li class=\"kt-svg-icon-list-style-default kt-svg-icon-list-item-wrap kt-svg-icon-list-item-0 kt-svg-icon-list-level-undefined\"><div style=\"display:inline-flex;justify-content:center;align-items:center;color:#0099ff\" class=\"kt-svg-icon-list-single kt-svg-icon-list-single-fe_mapPin\"><svg style=\"display:inline-block;vertical-align:middle\" viewbox=\"0 0 24 24\" height=\"20\" width=\"20\" fill=\"none\" stroke=\"currentColor\" xmlns=\"http:\/\/www.w3.org\/2000\/svg\" stroke-width=\"2\" stroke-linecap=\"round\" stroke-linejoin=\"round\" aria-hidden=\"true\"><path d=\"M21 10c0 7-9 13-9 13s-9-6-9-13a9 9 0 0 1 18 0z\"><\/path><circle cx=\"12\" cy=\"10\" r=\"3\"><\/circle><\/svg><\/div><span class=\"kt-svg-icon-list-text\">San Dionisio 140-A Col. Jardines de San Ignacio 45040 Zapopan, Jalisco. M\u00e9xico<\/span><\/li><li class=\"kt-svg-icon-list-style-default kt-svg-icon-list-item-wrap kt-svg-icon-list-item-1 kt-svg-icon-list-level-undefined\"><div style=\"display:inline-flex;justify-content:center;align-items:center;color:#0099ff\" class=\"kt-svg-icon-list-single kt-svg-icon-list-single-fe_phone\"><svg style=\"display:inline-block;vertical-align:middle\" viewbox=\"0 0 24 24\" height=\"20\" width=\"20\" fill=\"none\" stroke=\"currentColor\" xmlns=\"http:\/\/www.w3.org\/2000\/svg\" stroke-width=\"2\" stroke-linecap=\"round\" stroke-linejoin=\"round\" aria-hidden=\"true\"><path d=\"M22 16.92v3a2 2 0 0 1-2.18 2 19.79 19.79 0 0 1-8.63-3.07 19.5 19.5 0 0 1-6-6 19.79 19.79 0 0 1-3.07-8.67A2 2 0 0 1 4.11 2h3a2 2 0 0 1 2 1.72 12.84 12.84 0 0 0 .7 2.81 2 2 0 0 1-.45 2.11L8.09 9.91a16 16 0 0 0 6 6l1.27-1.27a2 2 0 0 1 2.11-.45 12.84 12.84 0 0 0 2.81.7A2 2 0 0 1 22 16.92z\"><\/path><\/svg><\/div><span class=\"kt-svg-icon-list-text\">(33) 3817 2700<\/span><\/li><li class=\"kt-svg-icon-list-style-default kt-svg-icon-list-item-wrap kt-svg-icon-list-item-2 kt-svg-icon-list-level-undefined\"><div style=\"display:inline-flex;justify-content:center;align-items:center;color:#0099ff\" class=\"kt-svg-icon-list-single kt-svg-icon-list-single-fe_mail\"><svg style=\"display:inline-block;vertical-align:middle\" viewbox=\"0 0 24 24\" height=\"20\" width=\"20\" fill=\"none\" stroke=\"currentColor\" xmlns=\"http:\/\/www.w3.org\/2000\/svg\" stroke-width=\"2\" stroke-linecap=\"round\" stroke-linejoin=\"round\" aria-hidden=\"true\"><path d=\"M4 4h16c1.1 0 2 .9 2 2v12c0 1.1-.9 2-2 2H4c-1.1 0-2-.9-2-2V6c0-1.1.9-2 2-2z\"><\/path><polyline points=\"22,6 12,13 2,6\"><\/polyline><\/svg><\/div><span class=\"kt-svg-icon-list-text\"><a href=\"mailto:info@anxocomponents.mx\">info@anxocomponents.mx<\/a><\/span><\/li><\/ul><\/div>\n\n\n\n<p>\u00a1Cont\u00e1ctenos hoy y h\u00e1ganos saber sus pensamientos! Ya sea que tenga una pregunta, una sugerencia o simplemente quiera compartir su experiencia, nos encantar\u00eda saber de usted. Sus comentarios son importantes para nosotros, ya que nos ayudan a mejorar nuestros servicios y brindar la mejor experiencia posible a nuestros clientes. Creemos que la comunicaci\u00f3n abierta es clave para generar confianza y fomentar relaciones a largo plazo con nuestros clientes, y estamos comprometidos a responder a sus comentarios de manera oportuna y profesional.<\/p>\n\n\n\n<p>Puede comunicarse con nosotros por tel\u00e9fono, correo electr\u00f3nico o a trav\u00e9s del formulario de contacto de nuestro sitio web. Nuestro dedicado equipo de servicio al cliente est\u00e1 disponible para ayudarlo con cualquier pregunta o inquietud que pueda tener. Nos esforzamos por brindarle el mejor servicio posible y esperamos tener noticias suyas pronto. Gracias por elegirnos, valoramos sus comentarios y esperamos poder servirle nuevamente en el futuro.<\/p>\n<\/div>\n<\/div>","protected":false},"excerpt":{"rendered":"<p>Env\u00edenos un mensaje \u00a1Cont\u00e1ctenos hoy y h\u00e1ganos saber sus pensamientos! Ya sea que tenga una pregunta, una sugerencia o simplemente quiera compartir su experiencia, nos encantar\u00eda saber de usted. Sus comentarios son importantes para nosotros, ya que nos ayudan a mejorar nuestros servicios y brindar la mejor experiencia posible a nuestros clientes. Creemos que la comunicaci\u00f3n abierta es clave para construir... <a class=\"kt-excerpt-readmore more-link\" href=\"https:\/\/www.anxocomponents.mx\/es\/contact\/\">Leer m\u00e1s<\/a><\/p>","protected":false},"author":2,"featured_media":0,"parent":0,"menu_order":0,"comment_status":"closed","ping_status":"closed","template":"","meta":{"kt_blocks_editor_width":"","footnotes":""},"class_list":["post-251","page","type-page","status-publish","hentry"],"yoast_head":"<!-- This site is optimized with the Yoast SEO plugin v27.5 - https:\/\/yoast.com\/product\/yoast-seo-wordpress\/ -->\n<title>Contact - Anxo Components - Electronic Sales Rep<\/title>\n<meta name=\"description\" content=\"Send Us A Message San Dionisio 140-A Col. Jardines de San Ignacio 45040 Zapopan, Jalisco. Mexico.(33) 3817 2700info@anxocomponents.mx Contact us today and\" \/>\n<meta name=\"robots\" content=\"index, follow, max-snippet:-1, max-image-preview:large, max-video-preview:-1\" \/>\n<link rel=\"canonical\" href=\"https:\/\/www.anxocomponents.mx\/es\/contact\/\" \/>\n<meta property=\"og:locale\" content=\"es_ES\" \/>\n<meta property=\"og:type\" content=\"article\" \/>\n<meta property=\"og:title\" content=\"Contact - Anxo Components - Electronic Sales Rep\" \/>\n<meta property=\"og:description\" content=\"Send Us A Message San Dionisio 140-A Col. Jardines de San Ignacio 45040 Zapopan, Jalisco. Mexico.(33) 3817 2700info@anxocomponents.mx Contact us today and\" \/>\n<meta property=\"og:url\" content=\"https:\/\/www.anxocomponents.mx\/es\/contact\/\" \/>\n<meta property=\"og:site_name\" content=\"Anxo Components\" \/>\n<meta property=\"article:modified_time\" content=\"2023-01-21T00:32:05+00:00\" \/>\n<meta property=\"og:image\" content=\"https:\/\/www.anxocomponents.mx\/wp-content\/uploads\/2020\/08\/anxo_logo_f-1024x238.png\" \/>\n<meta name=\"twitter:card\" content=\"summary_large_image\" \/>\n<meta name=\"twitter:label1\" content=\"Tiempo de lectura\" \/>\n\t<meta name=\"twitter:data1\" content=\"1 minuto\" \/>\n<script type=\"application\/ld+json\" class=\"yoast-schema-graph\">{\"@context\":\"https:\\\/\\\/schema.org\",\"@graph\":[{\"@type\":\"WebPage\",\"@id\":\"https:\\\/\\\/www.anxocomponents.mx\\\/contact\\\/\",\"url\":\"https:\\\/\\\/www.anxocomponents.mx\\\/contact\\\/\",\"name\":\"Contact - Anxo Components - Electronic Sales Rep\",\"isPartOf\":{\"@id\":\"https:\\\/\\\/www.anxocomponents.mx\\\/#website\"},\"primaryImageOfPage\":{\"@id\":\"https:\\\/\\\/www.anxocomponents.mx\\\/contact\\\/#primaryimage\"},\"image\":{\"@id\":\"https:\\\/\\\/www.anxocomponents.mx\\\/contact\\\/#primaryimage\"},\"thumbnailUrl\":\"https:\\\/\\\/www.anxocomponents.mx\\\/wp-content\\\/uploads\\\/2020\\\/08\\\/anxo_logo_f-1024x238.png\",\"datePublished\":\"2020-08-09T15:40:11+00:00\",\"dateModified\":\"2023-01-21T00:32:05+00:00\",\"description\":\"Send Us A Message San Dionisio 140-A Col. Jardines de San Ignacio 45040 Zapopan, Jalisco. Mexico.(33) 3817 2700info@anxocomponents.mx Contact us today and\",\"breadcrumb\":{\"@id\":\"https:\\\/\\\/www.anxocomponents.mx\\\/contact\\\/#breadcrumb\"},\"inLanguage\":\"es\",\"potentialAction\":[{\"@type\":\"ReadAction\",\"target\":[\"https:\\\/\\\/www.anxocomponents.mx\\\/contact\\\/\"]}]},{\"@type\":\"ImageObject\",\"inLanguage\":\"es\",\"@id\":\"https:\\\/\\\/www.anxocomponents.mx\\\/contact\\\/#primaryimage\",\"url\":\"https:\\\/\\\/www.anxocomponents.mx\\\/wp-content\\\/uploads\\\/2020\\\/08\\\/anxo_logo_f-1024x238.png\",\"contentUrl\":\"https:\\\/\\\/www.anxocomponents.mx\\\/wp-content\\\/uploads\\\/2020\\\/08\\\/anxo_logo_f-1024x238.png\"},{\"@type\":\"BreadcrumbList\",\"@id\":\"https:\\\/\\\/www.anxocomponents.mx\\\/contact\\\/#breadcrumb\",\"itemListElement\":[{\"@type\":\"ListItem\",\"position\":1,\"name\":\"Home\",\"item\":\"https:\\\/\\\/www.anxocomponents.mx\\\/\"},{\"@type\":\"ListItem\",\"position\":2,\"name\":\"Contact\"}]},{\"@type\":\"WebSite\",\"@id\":\"https:\\\/\\\/www.anxocomponents.mx\\\/#website\",\"url\":\"https:\\\/\\\/www.anxocomponents.mx\\\/\",\"name\":\"Anxo Components\",\"description\":\"Electronic Sales Representative\",\"publisher\":{\"@id\":\"https:\\\/\\\/www.anxocomponents.mx\\\/#organization\"},\"potentialAction\":[{\"@type\":\"SearchAction\",\"target\":{\"@type\":\"EntryPoint\",\"urlTemplate\":\"https:\\\/\\\/www.anxocomponents.mx\\\/?s={search_term_string}\"},\"query-input\":{\"@type\":\"PropertyValueSpecification\",\"valueRequired\":true,\"valueName\":\"search_term_string\"}}],\"inLanguage\":\"es\"},{\"@type\":\"Organization\",\"@id\":\"https:\\\/\\\/www.anxocomponents.mx\\\/#organization\",\"name\":\"Anxo Components\",\"url\":\"https:\\\/\\\/www.anxocomponents.mx\\\/\",\"logo\":{\"@type\":\"ImageObject\",\"inLanguage\":\"es\",\"@id\":\"https:\\\/\\\/www.anxocomponents.mx\\\/#\\\/schema\\\/logo\\\/image\\\/\",\"url\":\"https:\\\/\\\/www.anxocomponents.mx\\\/wp-content\\\/uploads\\\/2020\\\/08\\\/anxo_logo_f.png\",\"contentUrl\":\"https:\\\/\\\/www.anxocomponents.mx\\\/wp-content\\\/uploads\\\/2020\\\/08\\\/anxo_logo_f.png\",\"width\":1344,\"height\":313,\"caption\":\"Anxo Components\"},\"image\":{\"@id\":\"https:\\\/\\\/www.anxocomponents.mx\\\/#\\\/schema\\\/logo\\\/image\\\/\"}}]}<\/script>\n<!-- \/ Yoast SEO plugin. -->","yoast_head_json":{"title":"Contact - Anxo Components - Electronic Sales Rep","description":"Send Us A Message San Dionisio 140-A Col. Jardines de San Ignacio 45040 Zapopan, Jalisco. Mexico.(33) 3817 2700info@anxocomponents.mx Contact us today and","robots":{"index":"index","follow":"follow","max-snippet":"max-snippet:-1","max-image-preview":"max-image-preview:large","max-video-preview":"max-video-preview:-1"},"canonical":"https:\/\/www.anxocomponents.mx\/es\/contact\/","og_locale":"es_ES","og_type":"article","og_title":"Contact - Anxo Components - Electronic Sales Rep","og_description":"Send Us A Message San Dionisio 140-A Col. Jardines de San Ignacio 45040 Zapopan, Jalisco. Mexico.(33) 3817 2700info@anxocomponents.mx Contact us today and","og_url":"https:\/\/www.anxocomponents.mx\/es\/contact\/","og_site_name":"Anxo Components","article_modified_time":"2023-01-21T00:32:05+00:00","og_image":[{"url":"https:\/\/www.anxocomponents.mx\/wp-content\/uploads\/2020\/08\/anxo_logo_f-1024x238.png","type":"","width":"","height":""}],"twitter_card":"summary_large_image","twitter_misc":{"Tiempo de lectura":"1 minuto"},"schema":{"@context":"https:\/\/schema.org","@graph":[{"@type":"WebPage","@id":"https:\/\/www.anxocomponents.mx\/contact\/","url":"https:\/\/www.anxocomponents.mx\/contact\/","name":"Contact - Anxo Components - Electronic Sales Rep","isPartOf":{"@id":"https:\/\/www.anxocomponents.mx\/#website"},"primaryImageOfPage":{"@id":"https:\/\/www.anxocomponents.mx\/contact\/#primaryimage"},"image":{"@id":"https:\/\/www.anxocomponents.mx\/contact\/#primaryimage"},"thumbnailUrl":"https:\/\/www.anxocomponents.mx\/wp-content\/uploads\/2020\/08\/anxo_logo_f-1024x238.png","datePublished":"2020-08-09T15:40:11+00:00","dateModified":"2023-01-21T00:32:05+00:00","description":"Send Us A Message San Dionisio 140-A Col. Jardines de San Ignacio 45040 Zapopan, Jalisco. Mexico.(33) 3817 2700info@anxocomponents.mx Contact us today and","breadcrumb":{"@id":"https:\/\/www.anxocomponents.mx\/contact\/#breadcrumb"},"inLanguage":"es","potentialAction":[{"@type":"ReadAction","target":["https:\/\/www.anxocomponents.mx\/contact\/"]}]},{"@type":"ImageObject","inLanguage":"es","@id":"https:\/\/www.anxocomponents.mx\/contact\/#primaryimage","url":"https:\/\/www.anxocomponents.mx\/wp-content\/uploads\/2020\/08\/anxo_logo_f-1024x238.png","contentUrl":"https:\/\/www.anxocomponents.mx\/wp-content\/uploads\/2020\/08\/anxo_logo_f-1024x238.png"},{"@type":"BreadcrumbList","@id":"https:\/\/www.anxocomponents.mx\/contact\/#breadcrumb","itemListElement":[{"@type":"ListItem","position":1,"name":"Home","item":"https:\/\/www.anxocomponents.mx\/"},{"@type":"ListItem","position":2,"name":"Contact"}]},{"@type":"WebSite","@id":"https:\/\/www.anxocomponents.mx\/#website","url":"https:\/\/www.anxocomponents.mx\/","name":"Anxo Components","description":"Representante de Ventas de Componentes Electr\u00f3nicos","publisher":{"@id":"https:\/\/www.anxocomponents.mx\/#organization"},"potentialAction":[{"@type":"SearchAction","target":{"@type":"EntryPoint","urlTemplate":"https:\/\/www.anxocomponents.mx\/?s={search_term_string}"},"query-input":{"@type":"PropertyValueSpecification","valueRequired":true,"valueName":"search_term_string"}}],"inLanguage":"es"},{"@type":"Organization","@id":"https:\/\/www.anxocomponents.mx\/#organization","name":"Anxo Components","url":"https:\/\/www.anxocomponents.mx\/","logo":{"@type":"ImageObject","inLanguage":"es","@id":"https:\/\/www.anxocomponents.mx\/#\/schema\/logo\/image\/","url":"https:\/\/www.anxocomponents.mx\/wp-content\/uploads\/2020\/08\/anxo_logo_f.png","contentUrl":"https:\/\/www.anxocomponents.mx\/wp-content\/uploads\/2020\/08\/anxo_logo_f.png","width":1344,"height":313,"caption":"Anxo Components"},"image":{"@id":"https:\/\/www.anxocomponents.mx\/#\/schema\/logo\/image\/"}}]}},"_links":{"self":[{"href":"https:\/\/www.anxocomponents.mx\/es\/wp-json\/wp\/v2\/pages\/251","targetHints":{"allow":["GET"]}}],"collection":[{"href":"https:\/\/www.anxocomponents.mx\/es\/wp-json\/wp\/v2\/pages"}],"about":[{"href":"https:\/\/www.anxocomponents.mx\/es\/wp-json\/wp\/v2\/types\/page"}],"author":[{"embeddable":true,"href":"https:\/\/www.anxocomponents.mx\/es\/wp-json\/wp\/v2\/users\/2"}],"replies":[{"embeddable":true,"href":"https:\/\/www.anxocomponents.mx\/es\/wp-json\/wp\/v2\/comments?post=251"}],"version-history":[{"count":24,"href":"https:\/\/www.anxocomponents.mx\/es\/wp-json\/wp\/v2\/pages\/251\/revisions"}],"predecessor-version":[{"id":1442,"href":"https:\/\/www.anxocomponents.mx\/es\/wp-json\/wp\/v2\/pages\/251\/revisions\/1442"}],"wp:attachment":[{"href":"https:\/\/www.anxocomponents.mx\/es\/wp-json\/wp\/v2\/media?parent=251"}],"curies":[{"name":"gracias","href":"https:\/\/api.w.org\/{rel}","templated":true}]}}